{"id":1973,"date":"2023-05-23T17:44:23","date_gmt":"2023-05-23T21:44:23","guid":{"rendered":"https:\/\/staging.webandcart.com\/?page_id=1973"},"modified":"2025-01-09T21:31:29","modified_gmt":"2025-01-10T02:31:29","slug":"webcart-bienvenidos","status":"publish","type":"page","link":"https:\/\/webandcart.com\/es\/","title":{"rendered":"Bienvenido a Web&#038;Cart"},"content":{"rendered":"\n\n\t\t\t<h4>Lanzamiento de tus servicios en la web.<\/h4><h2>\ud83d\ude80 Viajando de la Tierra al Internet<\/h2>\t\t\t\n\t\t\t<a href=\"https:\/\/webandcart.com\/es\/#contacto\" title=\"Click Here\" target=\"_self\"   role=\"button\" aria-label=\"COTIZAR AHORA\">\n\t\t\t\t\t\t\tCOTIZAR AHORA\n\t\t<\/a>\n\t\t\t\t<img decoding=\"async\" src=\"https:\/\/webandcart.com\/wp-content\/uploads\/2023\/07\/elemento_WebandCart_01.png\"  itemprop=\"image\" srcset=\"https:\/\/webandcart.com\/wp-content\/uploads\/2023\/07\/elemento_WebandCart_01.png 1x, 2x\"\/>\n\t\t\t\t<img decoding=\"async\" src=\"https:\/\/webandcart.com\/wp-content\/uploads\/2023\/05\/astronauta_webcart.png\" alt=\"astronauta_webcart\" itemprop=\"image\" height=\"501\" width=\"500\" title=\"astronauta_webcart\" onerror=\"this.style.display='none'\"  \/>\n\t\t\t\t<p>En<strong> Web<\/strong>&amp;Cart ayudamos a empresas y trabajadores independientes a gestionar sus actividades en l\u00ednea proporcion\u00e1ndoles infraestructura, desarrollo y apoyo personalizados en funci\u00f3n de sus necesidades y objetivos.<\/p>\n<p>Nuestro objetivo es transformar la experiencia del usuario en algo m\u00e1s que un simple clic.<\/p>\n\t\t\t<h2>En el espacio, aprendemos que no importa el pa\u00eds de origen, somos un equipo humano trabajando hacia un objetivo com\u00fan.<\/h2>\t\t\t\n\t\t\t\t<img decoding=\"async\" src=\"https:\/\/dev.webandcart.com\/wp-content\/uploads\/2023\/02\/elemento_WebandCart_04.png\" alt=\"\" itemprop=\"image\" onerror=\"this.style.display='none'\"  \/>\n<h5>\n\t\tAstronauta\n\t\tChris Hadfield\n\t\t\t\t<\/h5>\t\n\t\t<!-- Comment to fix spacing issue\n\t-->\n\t\tDemos producidos<h2>0<\/h2>\n\t<!-- Comment to fix spacing issue\n\t-->\t\n\t\t<!-- Comment to fix spacing issue\n\t-->\n\t\tOriginales enviados<h2>0<\/h2>\n\t<!-- Comment to fix spacing issue\n\t-->\t\n\t\t<!-- Comment to fix spacing issue\n\t-->\n\t\tHoras en \u00f3rbita<h2>0<\/h2>\n\t<!-- Comment to fix spacing issue\n\t-->\t\n\n","protected":false},"excerpt":{"rendered":"<p>Lanzamiento de tus servicios en la web. \ud83d\ude80 Viajando de la Tierra al Internet COTIZAR AHORA En Web&amp;Cart ayudamos a empresas y trabajadores independientes a gestionar sus actividades en l\u00ednea proporcion\u00e1ndoles infraestructura, desarrollo y apoyo personalizados en funci\u00f3n de sus necesidades y objetivos. Nuestro objetivo es transformar la experiencia del usuario en algo m\u00e1s que [&hellip;]<\/p>\n","protected":false},"author":1,"featured_media":0,"parent":0,"menu_order":0,"comment_status":"closed","ping_status":"closed","template":"","meta":{"site-sidebar-layout":"default","site-content-layout":"","ast-site-content-layout":"default","site-content-style":"default","site-sidebar-style":"default","ast-global-header-display":"","ast-banner-title-visibility":"","ast-main-header-display":"","ast-hfb-above-header-display":"","ast-hfb-below-header-display":"","ast-hfb-mobile-header-display":"","site-post-title":"disabled","ast-breadcrumbs-content":"","ast-featured-img":"","footer-sml-layout":"","ast-disable-related-posts":"","theme-transparent-header-meta":"","adv-header-id-meta":"","stick-header-meta":"","header-above-stick-meta":"","header-main-stick-meta":"","header-below-stick-meta":"","astra-migrate-meta-layouts":"default","ast-page-background-enabled":"default","ast-page-background-meta":{"desktop":{"background-color":"","background-image":"","background-repeat":"repeat","background-position":"center center","background-size":"auto","background-attachment":"scroll","background-type":"","background-media":"","overlay-type":"","overlay-color":"","overlay-opacity":"","overlay-gradient":""},"tablet":{"background-color":"","background-image":"","background-repeat":"repeat","background-position":"center center","background-size":"auto","background-attachment":"scroll","background-type":"","background-media":"","overlay-type":"","overlay-color":"","overlay-opacity":"","overlay-gradient":""},"mobile":{"background-color":"","background-image":"","background-repeat":"repeat","background-position":"center center","background-size":"auto","background-attachment":"scroll","background-type":"","background-media":"","overlay-type":"","overlay-color":"","overlay-opacity":"","overlay-gradient":""}},"ast-content-background-meta":{"desktop":{"background-color":"var(--ast-global-color-5)","background-image":"","background-repeat":"repeat","background-position":"center center","background-size":"auto","background-attachment":"scroll","background-type":"","background-media":"","overlay-type":"","overlay-color":"","overlay-opacity":"","overlay-gradient":""},"tablet":{"background-color":"var(--ast-global-color-5)","background-image":"","background-repeat":"repeat","background-position":"center center","background-size":"auto","background-attachment":"scroll","background-type":"","background-media":"","overlay-type":"","overlay-color":"","overlay-opacity":"","overlay-gradient":""},"mobile":{"background-color":"var(--ast-global-color-5)","background-image":"","background-repeat":"repeat","background-position":"center center","background-size":"auto","background-attachment":"scroll","background-type":"","background-media":"","overlay-type":"","overlay-color":"","overlay-opacity":"","overlay-gradient":""}},"footnotes":""},"class_list":["post-1973","page","type-page","status-publish","hentry"],"_links":{"self":[{"href":"https:\/\/webandcart.com\/es\/wp-json\/wp\/v2\/pages\/1973","targetHints":{"allow":["GET"]}}],"collection":[{"href":"https:\/\/webandcart.com\/es\/wp-json\/wp\/v2\/pages"}],"about":[{"href":"https:\/\/webandcart.com\/es\/wp-json\/wp\/v2\/types\/page"}],"author":[{"embeddable":true,"href":"https:\/\/webandcart.com\/es\/wp-json\/wp\/v2\/users\/1"}],"replies":[{"embeddable":true,"href":"https:\/\/webandcart.com\/es\/wp-json\/wp\/v2\/comments?post=1973"}],"version-history":[{"count":15,"href":"https:\/\/webandcart.com\/es\/wp-json\/wp\/v2\/pages\/1973\/revisions"}],"predecessor-version":[{"id":2199,"href":"https:\/\/webandcart.com\/es\/wp-json\/wp\/v2\/pages\/1973\/revisions\/2199"}],"wp:attachment":[{"href":"https:\/\/webandcart.com\/es\/wp-json\/wp\/v2\/media?parent=1973"}],"curies":[{"name":"wp","href":"https:\/\/api.w.org\/{rel}","templated":true}]}}