{"id":2219,"date":"2025-02-26T11:24:41","date_gmt":"2025-02-26T16:24:41","guid":{"rendered":"https:\/\/webandcart.com\/webcart-consultation\/"},"modified":"2025-02-26T11:36:18","modified_gmt":"2025-02-26T16:36:18","slug":"webcart-consultation","status":"publish","type":"page","link":"https:\/\/webandcart.com\/en\/webcart-consultation\/","title":{"rendered":"Web&amp;Cart consultation"},"content":{"rendered":"\n\n\t\t\t<h3>Consultation Services<\/h3>\t\t\t\n\t\t\t\t<p>Bienvenue sur notre plateforme d\u00e9di\u00e9e \u00e0 l&#8217;excellence en infrastructure, h\u00e9bergement web, WordPress Premium et SEO.\u00a0<\/p>\n\t<p>Nous mettons \u00e0 votre disposition une gamme compl\u00e8te de services con\u00e7us pour optimiser la performance et la visibilit\u00e9 de votre pr\u00e9sence en ligne. Pour un accompagnement personnalis\u00e9, nous vous invitons \u00e0 s\u00e9lectionner la date et l&#8217;heure de votre rendez-vous via notre formulaire de r\u00e9servation. Notre \u00e9quipe d&#8217;experts se tient pr\u00eate \u00e0 vous conseiller et \u00e0 r\u00e9pondre \u00e0 toutes vos attentes pour propulser votre projet num\u00e9rique vers le succ\u00e8s.<\/p>\n\t\t\t\t<a href=\"https:\/\/crocoblock.com\/?ref=12849\"  target=\"_blank\" rel=\"noopener\"  itemprop=\"url\">\n\t\t\t\t<img decoding=\"async\" src=\"https:\/\/webandcart.com\/wp-content\/uploads\/2025\/01\/Crocoblock-920X280-dark-1.jpg\" alt=\"Crocoblock-920X280-dark-1\" itemprop=\"image\" height=\"560\" width=\"1840\" title=\"Crocoblock-920X280-dark-1\" onerror=\"this.style.display='none'\"  \/>\n\t\t\t\t<\/a>\n\n","protected":false},"excerpt":{"rendered":"<p>Consultation Services Bienvenue sur notre plateforme d\u00e9di\u00e9e \u00e0 l&#8217;excellence en infrastructure, h\u00e9bergement web, WordPress Premium et SEO.\u00a0 Nous mettons \u00e0 votre disposition une gamme compl\u00e8te de services con\u00e7us pour optimiser la performance et la visibilit\u00e9 de votre pr\u00e9sence en ligne. Pour un accompagnement personnalis\u00e9, nous vous invitons \u00e0 s\u00e9lectionner la date et l&#8217;heure de votre [&hellip;]<\/p>\n","protected":false},"author":1,"featured_media":0,"parent":0,"menu_order":0,"comment_status":"closed","ping_status":"closed","template":"","meta":{"site-sidebar-layout":"default","site-content-layout":"","ast-site-content-layout":"default","site-content-style":"default","site-sidebar-style":"default","ast-global-header-display":"","ast-banner-title-visibility":"","ast-main-header-display":"","ast-hfb-above-header-display":"","ast-hfb-below-header-display":"","ast-hfb-mobile-header-display":"","site-post-title":"disabled","ast-breadcrumbs-content":"","ast-featured-img":"","footer-sml-layout":"","ast-disable-related-posts":"","theme-transparent-header-meta":"","adv-header-id-meta":"","stick-header-meta":"","header-above-stick-meta":"","header-main-stick-meta":"","header-below-stick-meta":"","astra-migrate-meta-layouts":"default","ast-page-background-enabled":"default","ast-page-background-meta":{"desktop":{"background-color":"","background-image":"","background-repeat":"repeat","background-position":"center center","background-size":"auto","background-attachment":"scroll","background-type":"","background-media":"","overlay-type":"","overlay-color":"","overlay-opacity":"","overlay-gradient":""},"tablet":{"background-color":"","background-image":"","background-repeat":"repeat","background-position":"center center","background-size":"auto","background-attachment":"scroll","background-type":"","background-media":"","overlay-type":"","overlay-color":"","overlay-opacity":"","overlay-gradient":""},"mobile":{"background-color":"","background-image":"","background-repeat":"repeat","background-position":"center center","background-size":"auto","background-attachment":"scroll","background-type":"","background-media":"","overlay-type":"","overlay-color":"","overlay-opacity":"","overlay-gradient":""}},"ast-content-background-meta":{"desktop":{"background-color":"var(--ast-global-color-5)","background-image":"","background-repeat":"repeat","background-position":"center center","background-size":"auto","background-attachment":"scroll","background-type":"","background-media":"","overlay-type":"","overlay-color":"","overlay-opacity":"","overlay-gradient":""},"tablet":{"background-color":"var(--ast-global-color-5)","background-image":"","background-repeat":"repeat","background-position":"center center","background-size":"auto","background-attachment":"scroll","background-type":"","background-media":"","overlay-type":"","overlay-color":"","overlay-opacity":"","overlay-gradient":""},"mobile":{"background-color":"var(--ast-global-color-5)","background-image":"","background-repeat":"repeat","background-position":"center center","background-size":"auto","background-attachment":"scroll","background-type":"","background-media":"","overlay-type":"","overlay-color":"","overlay-opacity":"","overlay-gradient":""}},"footnotes":""},"class_list":["post-2219","page","type-page","status-publish","hentry"],"_links":{"self":[{"href":"https:\/\/webandcart.com\/en\/wp-json\/wp\/v2\/pages\/2219","targetHints":{"allow":["GET"]}}],"collection":[{"href":"https:\/\/webandcart.com\/en\/wp-json\/wp\/v2\/pages"}],"about":[{"href":"https:\/\/webandcart.com\/en\/wp-json\/wp\/v2\/types\/page"}],"author":[{"embeddable":true,"href":"https:\/\/webandcart.com\/en\/wp-json\/wp\/v2\/users\/1"}],"replies":[{"embeddable":true,"href":"https:\/\/webandcart.com\/en\/wp-json\/wp\/v2\/comments?post=2219"}],"version-history":[{"count":1,"href":"https:\/\/webandcart.com\/en\/wp-json\/wp\/v2\/pages\/2219\/revisions"}],"predecessor-version":[{"id":2222,"href":"https:\/\/webandcart.com\/en\/wp-json\/wp\/v2\/pages\/2219\/revisions\/2222"}],"wp:attachment":[{"href":"https:\/\/webandcart.com\/en\/wp-json\/wp\/v2\/media?parent=2219"}],"curies":[{"name":"wp","href":"https:\/\/api.w.org\/{rel}","templated":true}]}}